{"id":11275,"date":"2025-11-12T15:02:14","date_gmt":"2025-11-12T15:02:14","guid":{"rendered":"https:\/\/cadsoft.pt\/loja\/?page_id=11275"},"modified":"2025-12-22T10:37:46","modified_gmt":"2025-12-22T10:37:46","slug":"politica-de-privacidade","status":"publish","type":"page","link":"https:\/\/cadsoft.pt\/loja\/politica-de-privacidade\/","title":{"rendered":"Pol\u00edtica de Privacidade"},"content":{"rendered":"\t\t<div data-elementor-type=\"wp-page\" data-elementor-id=\"11275\" class=\"elementor elementor-11275\" data-elementor-post-type=\"page\">\n\t\t\t\t<div class=\"elementor-element elementor-element-30ab861 e-flex e-con-boxed e-con e-parent\" data-id=\"30ab861\" data-element_type=\"container\" data-e-type=\"container\" data-settings=\"{&quot;background_background&quot;:&quot;classic&quot;}\">\n\t\t\t\t\t<div class=\"e-con-inner\">\n\t\t\t\t\t<\/div>\n\t\t\t\t<\/div>\n\t\t<div class=\"elementor-element elementor-element-cc2c432 e-flex e-con-boxed e-con e-parent\" data-id=\"cc2c432\" data-element_type=\"container\" data-e-type=\"container\">\n\t\t\t\t\t<div class=\"e-con-inner\">\n\t\t\t\t<div class=\"elementor-element elementor-element-add11d9 elementor-widget elementor-widget-text-editor\" data-id=\"add11d9\" data-element_type=\"widget\" data-e-type=\"widget\" data-widget_type=\"text-editor.default\">\n\t\t\t\t\t\t\t\t\t<p>Bem vindo ao cadsoft.pt. A privacidade da sua informa\u00e7\u00e3o pessoal \u00e9 importante para a CADsoft Portugal. (\u201cCADsoft\u201d). Esta Pol\u00edtica de Privacidade destina-se a ser uma declara\u00e7\u00e3o geral que descreve como recolhemos, usamos e processamos as informa\u00e7\u00f5es pessoais que fornece em nosso site. N\u00f3s nos esfor\u00e7amos para recolher, usar e divulgar informa\u00e7\u00f5es pessoais de maneira consistente com as leis dos pa\u00edses nos quais recolhemos informa\u00e7\u00f5es pessoais. Esta Pol\u00edtica de Privacidade aplica-se apenas a este site.<\/p><p>Este documento reflete nosso compromisso de (i) comunicar de maneira transparente os dados pessoais a utilizar e sob quais condi\u00e7\u00f5es; (ii) proteger a seguran\u00e7a e privacidade dos dados pessoais; (iii) fornecer mecanismos adequados para o exerc\u00edcio dos direitos dos titulares de dados pessoais; (iv) cumprir o Regulamento (UE) 2016\/679 do Parlamento Europeu e do Conselho de 27 de Abril de 2016 &#8211; Regulamento Geral de Prote\u00e7\u00e3o de Dados (RGPD) &#8211; e demais legisla\u00e7\u00e3o aplic\u00e1vel, inclusive legisla\u00e7\u00e3o nacional complementar ao RGPD.<\/p><h5>O que n\u00f3s recolhemos.<\/h5><p>Recolhemos suas informa\u00e7\u00f5es quando nos envia um e-mail, preenche um formul\u00e1rio, insere informa\u00e7\u00f5es no nosso site ou cria uma conta de utilizador para descarregar dados t\u00e9cnicos, software, licen\u00e7as, etc. de cadsoft.pt e subdom\u00ednios de cadsoft.pt. Dependendo da \u00e1rea do site, podemos recolher e armazenar em nossos servidores:<\/p><ul><li>Nome e fun\u00e7\u00e3o.<\/li><li>Nome e endere\u00e7o da empresa.<\/li><li>Informa\u00e7\u00f5es de contacto, incluindo endere\u00e7o de e-mail e n\u00famero de telefone.<\/li><li>Informa\u00e7\u00f5es de pagamento armazenadas como um token.<\/li><li>Informa\u00e7\u00f5es do dispositivo, o tipo de dispositivo usado e a vers\u00e3o do sistema operativo.<\/li><li>O que fazemos com a informa\u00e7\u00e3o que recolhemos.<\/li><\/ul><p>Podemos usar as informa\u00e7\u00f5es pessoais que nos fornece de uma das seguintes formas:<\/p><ul><li>Permitir-nos entrar em contacto consigo.<\/li><li>Cumprir as encomendas que nos coloca.<\/li><li>Para tornar o site mais f\u00e1cil de usar, n\u00e3o tendo que inserir informa\u00e7\u00f5es mais de uma vez.<\/li><li>Solicitar o seu feedback volunt\u00e1rio sobre recursos ou conte\u00fado do site.<\/li><li>Registo interno.<\/li><\/ul><p>Al\u00e9m disso, podemos enviar periodicamente e-mails promocionais sobre nossos servi\u00e7os, ofertas especiais ou outras informa\u00e7\u00f5es (not\u00edcias da empresa, atualiza\u00e7\u00f5es, etc.) que achamos ser-lhe interessante utilizando o endere\u00e7o de e-mail que nos forneceu. De tempos em tempos, podemos tamb\u00e9m usar suas informa\u00e7\u00f5es para o contactar para fins de pesquisa de mercado. Podemos entrar em contacto por e-mail, telefone, fax ou correio. Podemos tamb\u00e9m usar as informa\u00e7\u00f5es para personalizar o site de acordo com seus interesses.<\/p><h5>Confidencialidade e Seguran\u00e7a.<\/h5><p>Usamos medidas t\u00e9cnicas e organizacionais para proteger as informa\u00e7\u00f5es pessoais que recebemos contra perda, uso indevido e altera\u00e7\u00e3o n\u00e3o autorizada e para proteger sua confidencialidade. Analisamos regularmente nossos procedimentos de seguran\u00e7a e consideramos novas tecnologias e m\u00e9todos de seguran\u00e7a apropriados. Tamb\u00e9m usamos a atual tecnologia de criptografia para encriptar a transmiss\u00e3o de dados em nossas p\u00e1ginas de login\/autentica\u00e7\u00e3o. No entanto, como n\u00e3o podemos garantir a seguran\u00e7a completa dessas tecnologias de criptografia, tenha cuidado ao enviar informa\u00e7\u00f5es pessoais on-line.<\/p><h6>Recolha Passiva de Dados: Cookies, Rastreamento, etc.<\/h6><p>Quando visita o nosso site, os nossos servidores podem recolher informa\u00e7\u00f5es que o seu navegador da Web envia sempre que visita um site. Essas informa\u00e7\u00f5es podem incluir, mas n\u00e3o est\u00e3o limitadas a, seu tipo de navegador, seu sistema operativo, sua prefer\u00eancia de idioma, qualquer p\u00e1gina de refer\u00eancia que voc\u00ea visitou antes de aceder ao site, a data e a hora de cada acesso e informa\u00e7\u00f5es de pesquisas no nossos sites. Tamb\u00e9m usamos cookies, que s\u00e3o pequenos arquivos que pedem permiss\u00e3o para serem colocados no disco r\u00edgido do seu computador. Quando concorda, o cookie permite-nos reconhecer seu navegador para capturar e lembrar de certas informa\u00e7\u00f5es, al\u00e9m de analisar o tr\u00e1fego da web. Os cookies permitem que os aplicativos da web respondam como um indiv\u00edduo. O aplicativo da Web pode adaptar suas opera\u00e7\u00f5es \u00e0s suas necessidades, gostos, reunindo e lembrando informa\u00e7\u00f5es sobre suas prefer\u00eancias. Um cookie n\u00e3o nos d\u00e1 acesso ao seu computador ou qualquer informa\u00e7\u00e3o sobre o utilizador, al\u00e9m dos dados que escolhe partilhar connosco.<\/p><p>Pode optar por aceitar ou recusar cookies. Optar por desativar os cookies pode impedir que aproveite ao m\u00e1ximo a utiliza\u00e7\u00e3o do nosso site. Pode alterar as configura\u00e7\u00f5es do seu navegador da web para parar de aceitar cookies ou para avis\u00e1-lo antes de aceitar um cookie dos sites que visita. Para saber mais sobre cookies, incluindo como ver quais cookies foram configurados, como os gerir e como os excluir, visite http:\/\/www.allaboutcookies.org.<\/p><p>Tamb\u00e9m utilizamos ferramentas de an\u00e1lise de terceiros, como o Google Analytics, para recolher informa\u00e7\u00f5es an\u00f3nimas criadas para nos ajudar a entender como os clientes interagem e usam nosso site. Para n\u00e3o ser rastreado pelo Google Analytics em todos os sites, visite https:\/\/tools.google.com\/dlpage\/gaoptout.<\/p><h6>Links de terceiros.<\/h6><p>N\u00e3o somos respons\u00e1veis \u200b\u200bpelas pr\u00e1ticas de privacidade ou pelo conte\u00fado de sites de terceiros. Para sua pr\u00f3pria prote\u00e7\u00e3o, deve analisar as pol\u00edticas de outros sites para garantir que atendam \u00e0s suas expectativas de privacidade pessoal.<\/p><h6>Direito de aceder, corrigir e excluir informa\u00e7\u00f5es.<\/h6><p>Tem o direito de solicitar acesso \u00e0s informa\u00e7\u00f5es que temos sobre si. Pode fazer isso entrando em contacto connosco em baixo. A pedido, forneceremos uma c\u00f3pia dos dados que temos sobre si. Para atender \u00e0 sua solicita\u00e7\u00e3o, solicitamos que confirme sua identidade.<\/p><p>Se acredita que as informa\u00e7\u00f5es que temos sobre si est\u00e3o incorretas, tem o direito de entrar em contacto connosco e solicitar uma actualiza\u00e7\u00e3o para manter suas informa\u00e7\u00f5es precisas. Qualquer informa\u00e7\u00e3o que n\u00e3o seja mais necess\u00e1ria para os prop\u00f3sitos descritos acima ser\u00e1 exclu\u00edda. Se, a qualquer momento, desejar que excluamos informa\u00e7\u00f5es pessoais, entre em contacto connosco em baixo. Por favor, note que, ao fazer isso, nosso relacionamento com o cliente pode ser alterado.<\/p><h6>Futuras altera\u00e7\u00f5es \u00e0 pol\u00edtica de privacidade.<\/h6><p>Revemos regularmente esta Pol\u00edtica de Privacidade e podemos alterar, modificar, adicionar ou remover partes conforme necess\u00e1rio. Se alterarmos esta Pol\u00edtica de Privacidade de modo que afetem a maneira como utilizamos as informa\u00e7\u00f5es pessoais dos utilizadores, notificaremos aqui ou num aviso em nossa p\u00e1gina de Internet inicial. Tamb\u00e9m atualizaremos a data de revis\u00e3o na parte inferior da Pol\u00edtica de Privacidade. N\u00f3s encorajamos os utilizadores a verificar regularmente esta Pol\u00edtica de Privacidade para se manter informado sobre quaisquer altera\u00e7\u00f5es.<\/p><h6>Contacte-nos.<\/h6><p>Para mais assist\u00eancia ou informa\u00e7\u00f5es, poder\u00e1 entrar em contacto com a VHN ENGENHARIA em:<\/p><p>CADsoft Portugal, Suporte ao Cliente<br \/>Rua Dr. Brilhante, C.C. S\u00e3o Bernardo &#8211; Loja 5<br \/>2460-040 &#8211; Alcoba\u00e7a<br \/>Portugal<br \/>Telefone: +351.918732332 (chamada rede m\u00f3vel nacional)<br \/>Email: cadsoft@sapo.pt<\/p><h6>Seu consentimento.<\/h6><p>Ao utilizar o nosso site, concorda com nossa Pol\u00edtica de Privacidade.<\/p><p>Data efetiva.<br \/>A vers\u00e3o deste Acordo entrou em vigor em 24 de Novembro de 2025.<\/p>\t\t\t\t\t\t\t\t<\/div>\n\t\t\t\t\t<\/div>\n\t\t\t\t<\/div>\n\t\t\t\t<\/div>\n\t\t","protected":false},"excerpt":{"rendered":"<p>Bem vindo ao cadsoft.pt. A privacidade da sua informa\u00e7\u00e3o pessoal \u00e9 importante para a CADsoft Portugal. (\u201cCADsoft\u201d). Esta Pol\u00edtica de Privacidade destina-se a ser uma declara\u00e7\u00e3o geral que descreve como recolhemos, usamos e processamos as informa\u00e7\u00f5es pessoais que fornece em nosso site. N\u00f3s nos esfor\u00e7amos para recolher, usar e divulgar informa\u00e7\u00f5es pessoais de maneira consistente [&hellip;]<\/p>\n","protected":false},"author":1,"featured_media":0,"parent":0,"menu_order":0,"comment_status":"closed","ping_status":"closed","template":"","meta":{"footnotes":""},"class_list":["post-11275","page","type-page","status-publish","hentry"],"_links":{"self":[{"href":"https:\/\/cadsoft.pt\/loja\/wp-json\/wp\/v2\/pages\/11275","targetHints":{"allow":["GET"]}}],"collection":[{"href":"https:\/\/cadsoft.pt\/loja\/wp-json\/wp\/v2\/pages"}],"about":[{"href":"https:\/\/cadsoft.pt\/loja\/wp-json\/wp\/v2\/types\/page"}],"author":[{"embeddable":true,"href":"https:\/\/cadsoft.pt\/loja\/wp-json\/wp\/v2\/users\/1"}],"replies":[{"embeddable":true,"href":"https:\/\/cadsoft.pt\/loja\/wp-json\/wp\/v2\/comments?post=11275"}],"version-history":[{"count":5,"href":"https:\/\/cadsoft.pt\/loja\/wp-json\/wp\/v2\/pages\/11275\/revisions"}],"predecessor-version":[{"id":11346,"href":"https:\/\/cadsoft.pt\/loja\/wp-json\/wp\/v2\/pages\/11275\/revisions\/11346"}],"wp:attachment":[{"href":"https:\/\/cadsoft.pt\/loja\/wp-json\/wp\/v2\/media?parent=11275"}],"curies":[{"name":"wp","href":"https:\/\/api.w.org\/{rel}","templated":true}]}}