{"id":11302,"date":"2025-11-12T15:15:26","date_gmt":"2025-11-12T15:15:26","guid":{"rendered":"https:\/\/cadsoft.pt\/loja\/?page_id=11302"},"modified":"2025-11-27T15:19:36","modified_gmt":"2025-11-27T15:19:36","slug":"termos-e-condicoes","status":"publish","type":"page","link":"https:\/\/cadsoft.pt\/loja\/termos-e-condicoes\/","title":{"rendered":"Termos e Condi\u00e7\u00f5es"},"content":{"rendered":"\t\t<div data-elementor-type=\"wp-page\" data-elementor-id=\"11302\" class=\"elementor elementor-11302\" data-elementor-post-type=\"page\">\n\t\t\t\t<div class=\"elementor-element elementor-element-19fe790 e-flex e-con-boxed e-con e-parent\" data-id=\"19fe790\" data-element_type=\"container\" data-e-type=\"container\" data-settings=\"{&quot;background_background&quot;:&quot;classic&quot;}\">\n\t\t\t\t\t<div class=\"e-con-inner\">\n\t\t\t\t\t<\/div>\n\t\t\t\t<\/div>\n\t\t<div class=\"elementor-element elementor-element-eea6156 e-flex e-con-boxed e-con e-parent\" data-id=\"eea6156\" data-element_type=\"container\" data-e-type=\"container\">\n\t\t\t\t\t<div class=\"e-con-inner\">\n\t\t\t\t<div class=\"elementor-element elementor-element-724d637 elementor-widget elementor-widget-text-editor\" data-id=\"724d637\" data-element_type=\"widget\" data-e-type=\"widget\" data-widget_type=\"text-editor.default\">\n\t\t\t\t\t\t\t\t\t<p>Bem vindo ao cadsoft.pt e seus subdom\u00ednios. Ao utilizar e aceder este site, o utilizador concorda com os termos e condi\u00e7\u00f5es indicados em baixo (\u201cTermos e Condi\u00e7\u00f5es\u201d ou \u201cContrato\u201d). Se n\u00e3o concordar com qualquer um dos Termos e Condi\u00e7\u00f5es ent\u00e3o dever\u00e1 interromper o uso deste site. N\u00f3s reservamos o direito de rever os Termos e Condi\u00e7\u00f5es a qualquer momento. A utiliza\u00e7\u00e3o continuada deste site, ap\u00f3s qualquer revis\u00e3o dos Termos e Condi\u00e7\u00f5es, significa que o utilizador aceita as revis\u00f5es. O utilizador est\u00e1 legalmente vinculado por este Acordo, que se estabelece entre o utilizador e a CADsoft Portugal.<\/p><h5>Licen\u00e7a \/ Limita\u00e7\u00f5es.<\/h5><p>Este site pertence e \u00e9 operado pela CADsoft Portugal. (\u201cCADsoft\u201d). Este site cont\u00e9m textos, scripts, gr\u00e1ficos, informa\u00e7\u00f5es, elementos visuais, \u00edcones, informa\u00e7\u00f5es geradas pelo utilizador, m\u00e9dia e informa\u00e7\u00f5es gerais, todas pertencentes ou licenciadas pela CADsoft. Pode visualizar, descarregar e imprimir material deste site apenas para seu uso pessoal e n\u00e3o comercial.<\/p><p>Este site tamb\u00e9m \u00e9 protegido por direitos de autor como um trabalho coletivo e compila\u00e7\u00e3o, de acordo as leis de direitos de autor. As marcas comerciais, marcas de servi\u00e7o e logotipos contidos neste site s\u00e3o de propriedade ou licenciados para a CADsoft e mantemos a propriedade, t\u00edtulo e todos os outros direitos em e para todas as informa\u00e7\u00f5es publicadas neste site. Todo o conte\u00fado deste site \u00e9 fornecido ao utilizador COMO EST\u00c1 para seu uso, seja protegido por direitos de autor, direitos contratuais ou ambos. N\u00e3o fazemos nenhuma declara\u00e7\u00e3o de que qualquer material vendido neste site seja apropriado, legal ou dispon\u00edvel para utiliza\u00e7\u00e3o noutros locais. Reservamo-nos o direito e exclusivo crit\u00e9rio de revogar, negar ou limitar o uso deste site.<\/p><p>N\u00e3o pode usar ou publicar material deste site noutro site ou computador sem a nossa permiss\u00e3o pr\u00e9via por escrito. N\u00e3o pode transmitir material deste site para outros sites ou usar este site ou informa\u00e7\u00f5es encontradas neste site para vender ou promover servi\u00e7os \/ produtos ou para solicitar clientes para qualquer outro prop\u00f3sito comercial.<\/p><h5>Limita\u00e7\u00e3o de responsabilidade.<\/h5><p>N\u00e3o nos responsabilizamos por quaisquer danos especiais ou consequenciais resultantes do uso ou incapacidade de uso dos materiais contidos neste site ou em qualquer site associado, incluindo, entre outros, lucros cessantes, interrup\u00e7\u00e3o de neg\u00f3cios e perda de programas ou outros dados no seu sistema de tratamento de informa\u00e7\u00f5es ou computador. Em nenhum caso a nossa responsabilidade por todos os danos, perdas e causas de a\u00e7\u00e3o exceder\u00e1 o valor pago pelo utilizador, se houver, pelo acesso a este site ou a qualquer site associado.<\/p><h5>Exonera\u00e7\u00e3o de responsabilidade.<\/h5><p>Novamente, o material neste site e em qualquer site associado s\u00e3o fornecidos \u201ccomo est\u00e3o\u201d e sem garantias de qualquer tipo, expressas ou impl\u00edcitas. na extens\u00e3o m\u00e1xima permitida pela legisla\u00e7\u00e3o aplic\u00e1vel, a vhn rejeita todas as garantias, expressas ou impl\u00edcitas, incluindo, mas n\u00e3o limitadas \u00e0s garantias de t\u00edtulo e garantias impl\u00edcitas de comercializa\u00e7\u00e3o e adequa\u00e7\u00e3o a um determinado fim. N\u00e3o garantimos que as fun\u00e7\u00f5es contidas neste site sejam ininterruptas ou sem erros, que os defeitos ser\u00e3o corrigidos ou que este site ou o servidor que o disponibilizar esteja livre de v\u00edrus ou de outros componentes prejudiciais.<\/p><h5>Marcas registadas<\/h5><p>\u201cCADsoft\u201d \u00e9 uma marca registada da CADsoft Portugal. Para obter assist\u00eancia ou informa\u00e7\u00f5es sobre as marcas registadas e marcas de servi\u00e7o da CADsoft Portugal e seu uso adequado, entre em contacto com a CADsoft Portugal conforme indicado em baixo.<\/p><h5>Sites de terceiros.<\/h5><p>Este site pode conter links para sites operados por terceiros. N\u00f3s n\u00e3o mantemos ou controlamos esses sites, e n\u00e3o somos respons\u00e1veis \u200b\u200bpelo seu conte\u00fado. Por favor, esteja ciente de que outros sites que podem ser acedidos \u200b\u200batrav\u00e9s do nosso site podem recolher informa\u00e7\u00f5es pessoalmente identific\u00e1veis \u200b\u200bsobre o utilizador. As pr\u00e1ticas de informa\u00e7\u00f5es desses sites de terceiros associados a este site n\u00e3o s\u00e3o cobertas por este Contrato.<\/p><h5>Lei Aplic\u00e1vel \/ Local \/ Lit\u00edgios.<\/h5><p>Ao utilizar este site, o utilizador concorda que a lei aplic\u00e1vel \u00e9 a da Rep\u00fablica Portuguesa, independentemente de princ\u00edpios sobre conflitos de leis, reger\u00e1 estes Termos e Condi\u00e7\u00f5es, a utiliza\u00e7\u00e3o deste site e qualquer conflito de qualquer tipo que possa surgir entre o utilizador e a CADsoft. Se surgir uma disputa entre o utilizador e a CADsoft, o nosso objetivo \u00e9 fornecer ao utilizador um meio neutro e econ\u00f3mico de resolver a disputa rapidamente. Para esse fim, o utilizador concorda em primeiro entrar em contacto com o Atendimento ao Cliente da CADsoft por telefone ou e-mail, atrav\u00e9s das informa\u00e7\u00f5es de contacto em baixo, para descrever o problema e encontrar uma solu\u00e7\u00e3o. Se isso n\u00e3o resolver o problema, o utilizador e a CADsoft concordam que qualquer disputa ou reclama\u00e7\u00e3o relacionada com a utiliza\u00e7\u00e3o do site ser\u00e1 resolvida por meio de arbitragem e n\u00e3o em tribunal. Para iniciar um processo de arbitragem, o utilizador deve enviar uma carta a solicitar a arbitragem e descrevendo a reclama\u00e7\u00e3o ao Suporte ao Cliente da CADsoft. A Arbitragem aqui definida ser\u00e1 o CNIACC, Campus de Campolide, 1099-032 Lisboa, Tel.: 213847484,<br \/>Email:cniacc@unl.pt,Web:http:<br \/>\/\/www.arbitragemdeconsumo.org<br \/>Mais informa\u00e7\u00f5es em Portal do Consumidor www.consumidor.pt&#8221;<\/p><h5>Contacte-nos.<\/h5><p>Para mais informa\u00e7\u00f5es, o utilizador pode entrar em contacto com a CADsoft em:<\/p><p>CADsoft Portugal, Suporte ao Cliente<br \/>Rua Dr. Brilhante, C.C. S\u00e3o Bernardo &#8211; Loja 5<br \/>2460-040 &#8211; Alcoba\u00e7a<br \/>Portugal<br \/>Telefone: +351.918732332 (chamada rede m\u00f3vel nacional)<br \/>Email: cadsoft@sapo.pt<\/p><p>Data efetiva.<br \/>A vers\u00e3o deste Acordo entrou em vigor em 24 de Novembro de 2025.<\/p>\t\t\t\t\t\t\t\t<\/div>\n\t\t\t\t\t<\/div>\n\t\t\t\t<\/div>\n\t\t\t\t<\/div>\n\t\t","protected":false},"excerpt":{"rendered":"<p>Bem vindo ao cadsoft.pt e seus subdom\u00ednios. Ao utilizar e aceder este site, o utilizador concorda com os termos e condi\u00e7\u00f5es indicados em baixo (\u201cTermos e Condi\u00e7\u00f5es\u201d ou \u201cContrato\u201d). Se n\u00e3o concordar com qualquer um dos Termos e Condi\u00e7\u00f5es ent\u00e3o dever\u00e1 interromper o uso deste site. N\u00f3s reservamos o direito de rever os Termos e [&hellip;]<\/p>\n","protected":false},"author":1,"featured_media":0,"parent":0,"menu_order":0,"comment_status":"closed","ping_status":"closed","template":"","meta":{"footnotes":""},"class_list":["post-11302","page","type-page","status-publish","hentry"],"_links":{"self":[{"href":"https:\/\/cadsoft.pt\/loja\/wp-json\/wp\/v2\/pages\/11302","targetHints":{"allow":["GET"]}}],"collection":[{"href":"https:\/\/cadsoft.pt\/loja\/wp-json\/wp\/v2\/pages"}],"about":[{"href":"https:\/\/cadsoft.pt\/loja\/wp-json\/wp\/v2\/types\/page"}],"author":[{"embeddable":true,"href":"https:\/\/cadsoft.pt\/loja\/wp-json\/wp\/v2\/users\/1"}],"replies":[{"embeddable":true,"href":"https:\/\/cadsoft.pt\/loja\/wp-json\/wp\/v2\/comments?post=11302"}],"version-history":[{"count":5,"href":"https:\/\/cadsoft.pt\/loja\/wp-json\/wp\/v2\/pages\/11302\/revisions"}],"predecessor-version":[{"id":11328,"href":"https:\/\/cadsoft.pt\/loja\/wp-json\/wp\/v2\/pages\/11302\/revisions\/11328"}],"wp:attachment":[{"href":"https:\/\/cadsoft.pt\/loja\/wp-json\/wp\/v2\/media?parent=11302"}],"curies":[{"name":"wp","href":"https:\/\/api.w.org\/{rel}","templated":true}]}}