{"id":11010,"date":"2025-09-15T14:53:21","date_gmt":"2025-09-15T14:53:21","guid":{"rendered":"https:\/\/cadsoft.pt\/loja\/?post_type=product&#038;p=11010"},"modified":"2025-09-24T12:32:55","modified_gmt":"2025-09-24T12:32:55","slug":"idea","status":"publish","type":"product","link":"https:\/\/cadsoft.pt\/loja\/produto\/idea\/","title":{"rendered":"IDEA v24"},"content":{"rendered":"<p>O IDEA \u00e9 a alternativa de baixo custo ao Revit\u00ae ou ArchiCAD\u00ae, mas \u00e9 mais f\u00e1cil e r\u00e1pido de usar e significativamente mais acess\u00edvel em termos de aquisi\u00e7\u00e3o e manuten\u00e7\u00e3o. 100% compat\u00edvel com DWG e 100% compat\u00edvel com IFC, o IDEA Architecture \u00e9 um poderoso software BIM de 64 bits para projeto arquitet\u00f3nico 3D e 2D, renderiza\u00e7\u00e3o e anima\u00e7\u00e3o, bem como para programa\u00e7\u00e3o 4D, c\u00e1lculo de custos 5D e sustentabilidade energ\u00e9tica 6D (IDEA FineGREEN) e documenta\u00e7\u00e3o 7D conforme constru\u00eddo (IDEA FineMEP).<\/p>\n<p>IDEA is the low-cost alternative to Revit\u00ae or ArchiCAD\u00ae yet easier and faster to use and significantly more affordable to purchase and maintain. 100% DWG &amp; 100% IFC Compatible, IDEA Architecture is the 64bit powerful BIM software for 3D &amp; 2D Architectural design, Rendering and Animation, as well as for 4D Scheduling, 5D Costing and 6D Energy Sustainability (IDEA FineGREEN) and 7D As built documentation (IDEA FineMEP).<\/p>\n<p>Saiba mais\/Know more: <a href=\"https:\/\/cadsoft.pt\/4mcad-idea-fines\">https:\/\/cadsoft.pt\/4mcad-idea-fines<\/a><\/p>\n<p>&nbsp;<\/p>\n","protected":false},"excerpt":{"rendered":"<p>O IDEA \u00e9 a alternativa de baixo custo ao Revit\u00ae ou ArchiCAD\u00ae, mas \u00e9 mais f\u00e1cil e r\u00e1pido de usar e significativamente mais acess\u00edvel em termos de aquisi\u00e7\u00e3o e manuten\u00e7\u00e3o. 100% compat\u00edvel com DWG e 100% compat\u00edvel com IFC, o IDEA Architecture \u00e9 um poderoso software BIM de 64 bits para projeto arquitet\u00f3nico 3D e [&hellip;]<\/p>\n","protected":false},"featured_media":11107,"template":"","meta":[],"product_brand":[],"product_cat":[176],"product_tag":[],"class_list":{"0":"post-11010","1":"product","2":"type-product","3":"status-publish","4":"has-post-thumbnail","6":"product_cat-4mcad","8":"first","9":"instock","10":"taxable","11":"shipping-taxable","12":"purchasable","13":"product-type-simple"},"_links":{"self":[{"href":"https:\/\/cadsoft.pt\/loja\/wp-json\/wp\/v2\/product\/11010","targetHints":{"allow":["GET"]}}],"collection":[{"href":"https:\/\/cadsoft.pt\/loja\/wp-json\/wp\/v2\/product"}],"about":[{"href":"https:\/\/cadsoft.pt\/loja\/wp-json\/wp\/v2\/types\/product"}],"version-history":[{"count":5,"href":"https:\/\/cadsoft.pt\/loja\/wp-json\/wp\/v2\/product\/11010\/revisions"}],"predecessor-version":[{"id":11092,"href":"https:\/\/cadsoft.pt\/loja\/wp-json\/wp\/v2\/product\/11010\/revisions\/11092"}],"wp:featuredmedia":[{"embeddable":true,"href":"https:\/\/cadsoft.pt\/loja\/wp-json\/wp\/v2\/media\/11107"}],"wp:attachment":[{"href":"https:\/\/cadsoft.pt\/loja\/wp-json\/wp\/v2\/media?parent=11010"}],"wp:term":[{"taxonomy":"product_brand","embeddable":true,"href":"https:\/\/cadsoft.pt\/loja\/wp-json\/wp\/v2\/product_brand?post=11010"},{"taxonomy":"product_cat","embeddable":true,"href":"https:\/\/cadsoft.pt\/loja\/wp-json\/wp\/v2\/product_cat?post=11010"},{"taxonomy":"product_tag","embeddable":true,"href":"https:\/\/cadsoft.pt\/loja\/wp-json\/wp\/v2\/product_tag?post=11010"}],"curies":[{"name":"wp","href":"https:\/\/api.w.org\/{rel}","templated":true}]}}