{"id":11033,"date":"2025-09-16T14:57:32","date_gmt":"2025-09-16T14:57:32","guid":{"rendered":"https:\/\/cadsoft.pt\/loja\/?post_type=product&#038;p=11033"},"modified":"2025-09-23T14:40:46","modified_gmt":"2025-09-23T14:40:46","slug":"varicad","status":"publish","type":"product","link":"https:\/\/cadsoft.pt\/loja\/produto\/varicad\/","title":{"rendered":"VariCAD"},"content":{"rendered":"<p>O VariCAD \u00e9 um sistema de CAD 3D\/2D, vocacionado especialmente para o desenho em engenharia mec\u00e2nica. O software CAD abrangente, permite os desenhadores, criar, avaliar e modificar os seus modelos de uma forma muito r\u00e1pida. O software \u00e9 vendido num \u00fanico pacote &#8220;completamente carregado&#8221;, com todas as fun\u00e7\u00f5es, por um pre\u00e7o muito acess\u00edvel. O VariCAD fornece uma excelente rela\u00e7\u00e3o pre\u00e7o-performance, tornando-o, uma das escolhas mais inteligentes do mercado, hoje.<\/p>\n<p>VariCAD is 3D \/ 2D CAD software primarily intended for mechanical engineering design. The comprehensive CAD software enables designers to quickly create, evaluate, and modify their models. The software is sold as one &#8220;fully loaded&#8221; package, with all features and functions, for one affordable price. VariCAD delivers an excellent performance-to-price ratio, making it one of the smartest choices on the market today.<\/p>\n<p>Saiba mais\/Know more: <a href=\"https:\/\/cadsoft.pt\/varicad\">https:\/\/cadsoft.pt\/varicad<\/a><\/p>\n","protected":false},"excerpt":{"rendered":"<p>O VariCAD \u00e9 um sistema de CAD 3D\/2D, vocacionado especialmente para o desenho em engenharia mec\u00e2nica. O software CAD abrangente, permite os desenhadores, criar, avaliar e modificar os seus modelos de uma forma muito r\u00e1pida. O software \u00e9 vendido num \u00fanico pacote &#8220;completamente carregado&#8221;, com todas as fun\u00e7\u00f5es, por um pre\u00e7o muito acess\u00edvel. O VariCAD [&hellip;]<\/p>\n","protected":false},"featured_media":11100,"template":"","meta":[],"product_brand":[],"product_cat":[185],"product_tag":[],"class_list":{"0":"post-11033","1":"product","2":"type-product","3":"status-publish","4":"has-post-thumbnail","6":"product_cat-varicad","8":"first","9":"instock","10":"taxable","11":"shipping-taxable","12":"purchasable","13":"product-type-variable"},"_links":{"self":[{"href":"https:\/\/cadsoft.pt\/loja\/wp-json\/wp\/v2\/product\/11033","targetHints":{"allow":["GET"]}}],"collection":[{"href":"https:\/\/cadsoft.pt\/loja\/wp-json\/wp\/v2\/product"}],"about":[{"href":"https:\/\/cadsoft.pt\/loja\/wp-json\/wp\/v2\/types\/product"}],"version-history":[{"count":5,"href":"https:\/\/cadsoft.pt\/loja\/wp-json\/wp\/v2\/product\/11033\/revisions"}],"predecessor-version":[{"id":11090,"href":"https:\/\/cadsoft.pt\/loja\/wp-json\/wp\/v2\/product\/11033\/revisions\/11090"}],"wp:featuredmedia":[{"embeddable":true,"href":"https:\/\/cadsoft.pt\/loja\/wp-json\/wp\/v2\/media\/11100"}],"wp:attachment":[{"href":"https:\/\/cadsoft.pt\/loja\/wp-json\/wp\/v2\/media?parent=11033"}],"wp:term":[{"taxonomy":"product_brand","embeddable":true,"href":"https:\/\/cadsoft.pt\/loja\/wp-json\/wp\/v2\/product_brand?post=11033"},{"taxonomy":"product_cat","embeddable":true,"href":"https:\/\/cadsoft.pt\/loja\/wp-json\/wp\/v2\/product_cat?post=11033"},{"taxonomy":"product_tag","embeddable":true,"href":"https:\/\/cadsoft.pt\/loja\/wp-json\/wp\/v2\/product_tag?post=11033"}],"curies":[{"name":"wp","href":"https:\/\/api.w.org\/{rel}","templated":true}]}}