{"id":11047,"date":"2025-09-17T14:28:50","date_gmt":"2025-09-17T14:28:50","guid":{"rendered":"https:\/\/cadsoft.pt\/loja\/?post_type=product&#038;p=11047"},"modified":"2025-09-23T14:38:16","modified_gmt":"2025-09-23T14:38:16","slug":"keycreator-aluguer-anual","status":"publish","type":"product","link":"https:\/\/cadsoft.pt\/loja\/produto\/keycreator-aluguer-anual\/","title":{"rendered":"KeyCreator &#8211; Aluguer Anual (Renting)"},"content":{"rendered":"<p>Para os operadores de CAD que trabalham com muitas ideias novas, ou muitos modelos de fontes externas, o KeyCreator pode mostrar uma forma totalmente nova de fazer mais e mais depressa. A modela\u00e7\u00e3o direta descomplica radicalmente a forma como s\u00e3o feitas as modifica\u00e7\u00f5es n\u00e3o planeadas. Nunca mais diga \u201cVou gastar algumas horas para o reconstruir de raiz\u201d. O KeyCreator fornece um conjunto completo de comandos, mantendo a estrutura de menus suspensos cl\u00e1ssicos, paletes de \u00edcones, barras de ferramentas personaliz\u00e1veis e interface com atalhos de teclado.<\/p>\n<p>For CAD operators working with lots of new ideas, or lots of models from external sources, KeyCreator can show a whole new way of doing more and doing it faster. Direct modeling radically simplifies the way unplanned modifications are made. Never say \u201cI\u2019ll spend a few hours rebuilding it from scratch\u201d again. KeyCreator provides a complete set of commands, maintaining the classic drop-down menu structure, icon palettes, customizable toolbars and keyboard shortcut interface.<\/p>\n<p>Saiba mais\/Know more:\u00a0<a href=\"https:\/\/cadsoft.pt\/keycreator\">https:\/\/cadsoft.pt\/keycreator<\/a><\/p>\n","protected":false},"excerpt":{"rendered":"<p>Para os operadores de CAD que trabalham com muitas ideias novas, ou muitos modelos de fontes externas, o KeyCreator pode mostrar uma forma totalmente nova de fazer mais e mais depressa. A modela\u00e7\u00e3o direta descomplica radicalmente a forma como s\u00e3o feitas as modifica\u00e7\u00f5es n\u00e3o planeadas. Nunca mais diga \u201cVou gastar algumas horas para o reconstruir [&hellip;]<\/p>\n","protected":false},"featured_media":11099,"template":"","meta":[],"product_brand":[],"product_cat":[186],"product_tag":[],"class_list":{"0":"post-11047","1":"product","2":"type-product","3":"status-publish","4":"has-post-thumbnail","6":"product_cat-keycreator","8":"first","9":"instock","10":"taxable","11":"shipping-taxable","12":"purchasable","13":"product-type-variable"},"_links":{"self":[{"href":"https:\/\/cadsoft.pt\/loja\/wp-json\/wp\/v2\/product\/11047","targetHints":{"allow":["GET"]}}],"collection":[{"href":"https:\/\/cadsoft.pt\/loja\/wp-json\/wp\/v2\/product"}],"about":[{"href":"https:\/\/cadsoft.pt\/loja\/wp-json\/wp\/v2\/types\/product"}],"version-history":[{"count":3,"href":"https:\/\/cadsoft.pt\/loja\/wp-json\/wp\/v2\/product\/11047\/revisions"}],"predecessor-version":[{"id":11098,"href":"https:\/\/cadsoft.pt\/loja\/wp-json\/wp\/v2\/product\/11047\/revisions\/11098"}],"wp:featuredmedia":[{"embeddable":true,"href":"https:\/\/cadsoft.pt\/loja\/wp-json\/wp\/v2\/media\/11099"}],"wp:attachment":[{"href":"https:\/\/cadsoft.pt\/loja\/wp-json\/wp\/v2\/media?parent=11047"}],"wp:term":[{"taxonomy":"product_brand","embeddable":true,"href":"https:\/\/cadsoft.pt\/loja\/wp-json\/wp\/v2\/product_brand?post=11047"},{"taxonomy":"product_cat","embeddable":true,"href":"https:\/\/cadsoft.pt\/loja\/wp-json\/wp\/v2\/product_cat?post=11047"},{"taxonomy":"product_tag","embeddable":true,"href":"https:\/\/cadsoft.pt\/loja\/wp-json\/wp\/v2\/product_tag?post=11047"}],"curies":[{"name":"wp","href":"https:\/\/api.w.org\/{rel}","templated":true}]}}