{"id":11362,"date":"2026-01-09T13:59:49","date_gmt":"2026-01-09T13:59:49","guid":{"rendered":"https:\/\/cadsoft.pt\/loja\/?post_type=product&#038;p=11362"},"modified":"2026-01-21T14:51:28","modified_gmt":"2026-01-21T14:51:28","slug":"medidor-lactato-25-tiras-oferta","status":"publish","type":"product","link":"https:\/\/cadsoft.pt\/loja\/produto\/medidor-lactato-25-tiras-oferta\/","title":{"rendered":"Medidor Lactato + (25 tiras oferta)"},"content":{"rendered":"<p>O\u00a0<strong data-start=\"88\" data-end=\"103\">Lacto Spark<\/strong>\u00a0\u00e9 um dispositivo inovador que mede o n\u00edvel de lactato no sangue de forma extremamente r\u00e1pida e eficiente, utilizando apenas uma quantidade m\u00ednima de amostra. Gra\u00e7as \u00e0 sua tecnologia avan\u00e7ada, \u00e9 poss\u00edvel realizar um teste praticamente indolor, obtendo resultados fi\u00e1veis em apenas\u00a0<strong data-start=\"384\" data-end=\"398\">5 segundos<\/strong>. Este medidor port\u00e1til necessita somente de\u00a0<strong data-start=\"443\" data-end=\"471\">0,5 \u00b5l de sangue capilar<\/strong>, tornando o processo simples, c\u00f3modo e acess\u00edvel a qualquer atleta ou treinador.<\/p>\n<p>Na compra deste artigo ir\u00e1 receber o medidor de lactato e 25 tiras extra.<\/p>\n<p>O transporte para Portugal Continental \u00e9 gratuito, para as ilhas e o resto da Europa tem que ser calculado e validado ap\u00f3s a encomenda.<\/p>\n<p>&nbsp;<\/p>\n<p>Lacto Spark is an innovative device that measures blood lactate levels extremely quickly and efficiently, using only a minimal sample size. Thanks to its advanced technology, it is possible to perform a virtually painless test and obtain reliable results in just 5 seconds. This portable meter requires only 0.5 \u00b5l of capillary blood, making the process simple, convenient, and accessible to any athlete or coach.<\/p>\n<p>When you purchase this item, you will receive the lactate meter and 25 extra strips.<\/p>\n<p>Shipping to mainland Portugal is free of charge. Shipping to the islands and the rest of Europe must be calculated and validated after ordering.<\/p>\n<p>Saiba mais\/ Click to know more: https:\/\/cadsoft.pt\/lactospark\/<\/p>\n","protected":false},"excerpt":{"rendered":"<p>O\u00a0Lacto Spark\u00a0\u00e9 um dispositivo inovador que mede o n\u00edvel de lactato no sangue de forma extremamente r\u00e1pida e eficiente, utilizando apenas uma quantidade m\u00ednima de amostra. Gra\u00e7as \u00e0 sua tecnologia avan\u00e7ada, \u00e9 poss\u00edvel realizar um teste praticamente indolor, obtendo resultados fi\u00e1veis em apenas\u00a05 segundos. Este medidor port\u00e1til necessita somente de\u00a00,5 \u00b5l de sangue capilar, tornando [&hellip;]<\/p>\n","protected":false},"featured_media":11365,"template":"","meta":[],"product_brand":[],"product_cat":[190],"product_tag":[],"class_list":{"0":"post-11362","1":"product","2":"type-product","3":"status-publish","4":"has-post-thumbnail","6":"product_cat-lactato","8":"first","9":"instock","10":"taxable","11":"shipping-taxable","12":"purchasable","13":"product-type-simple"},"_links":{"self":[{"href":"https:\/\/cadsoft.pt\/loja\/wp-json\/wp\/v2\/product\/11362","targetHints":{"allow":["GET"]}}],"collection":[{"href":"https:\/\/cadsoft.pt\/loja\/wp-json\/wp\/v2\/product"}],"about":[{"href":"https:\/\/cadsoft.pt\/loja\/wp-json\/wp\/v2\/types\/product"}],"version-history":[{"count":4,"href":"https:\/\/cadsoft.pt\/loja\/wp-json\/wp\/v2\/product\/11362\/revisions"}],"predecessor-version":[{"id":11372,"href":"https:\/\/cadsoft.pt\/loja\/wp-json\/wp\/v2\/product\/11362\/revisions\/11372"}],"wp:featuredmedia":[{"embeddable":true,"href":"https:\/\/cadsoft.pt\/loja\/wp-json\/wp\/v2\/media\/11365"}],"wp:attachment":[{"href":"https:\/\/cadsoft.pt\/loja\/wp-json\/wp\/v2\/media?parent=11362"}],"wp:term":[{"taxonomy":"product_brand","embeddable":true,"href":"https:\/\/cadsoft.pt\/loja\/wp-json\/wp\/v2\/product_brand?post=11362"},{"taxonomy":"product_cat","embeddable":true,"href":"https:\/\/cadsoft.pt\/loja\/wp-json\/wp\/v2\/product_cat?post=11362"},{"taxonomy":"product_tag","embeddable":true,"href":"https:\/\/cadsoft.pt\/loja\/wp-json\/wp\/v2\/product_tag?post=11362"}],"curies":[{"name":"wp","href":"https:\/\/api.w.org\/{rel}","templated":true}]}}